{"id":2,"date":"2022-09-16T14:01:40","date_gmt":"2022-09-16T17:01:40","guid":{"rendered":"http:\/\/mobygeekstudios.com\/pt\/?page_id=2"},"modified":"2022-09-18T15:15:28","modified_gmt":"2022-09-18T18:15:28","slug":"alice-in-wonderland-jigsaw-puzzle","status":"publish","type":"page","link":"http:\/\/mobygeekstudios.com\/pt\/index.php\/alice-in-wonderland-jigsaw-puzzle\/","title":{"rendered":"Alice in Wonderland Jigsaw Puzzle"},"content":{"rendered":"\n<figure class=\"wp-block-embed is-type-video is-provider-youtube wp-block-embed-youtube wp-embed-aspect-16-9 wp-has-aspect-ratio\"><div class=\"wp-block-embed__wrapper\">\n<iframe loading=\"lazy\" title=\"Quebra-cabe\u00e7a Alice no Pa\u00eds das Maravilhas - Trailer [PT]\" width=\"640\" height=\"360\" src=\"https:\/\/www.youtube.com\/embed\/mvNfM_cGufY?feature=oembed\" frameborder=\"0\" allow=\"accelerometer; autoplay; clipboard-write; encrypted-media; gyroscope; picture-in-picture\" allowfullscreen><\/iframe>\n<\/div><\/figure>\n\n\n\n<figure class=\"wp-block-image size-large\"><img loading=\"lazy\" decoding=\"async\" width=\"1024\" height=\"256\" src=\"http:\/\/mobygeekstudios.com\/pt\/wp-content\/uploads\/2022\/09\/DescriptionBanner01a-1024x256.png\" alt=\"\" class=\"wp-image-75\" srcset=\"http:\/\/mobygeekstudios.com\/pt\/wp-content\/uploads\/2022\/09\/DescriptionBanner01a-1024x256.png 1024w, http:\/\/mobygeekstudios.com\/pt\/wp-content\/uploads\/2022\/09\/DescriptionBanner01a-300x75.png 300w, http:\/\/mobygeekstudios.com\/pt\/wp-content\/uploads\/2022\/09\/DescriptionBanner01a-768x192.png 768w, http:\/\/mobygeekstudios.com\/pt\/wp-content\/uploads\/2022\/09\/DescriptionBanner01a.png 1200w\" sizes=\"(max-width: 1024px) 100vw, 1024px\" \/><\/figure>\n\n\n\n<p>\u201cMas eu n\u00e3o quero me encontrar com gente louca,&#8221; observou Alice.<br>&#8220;Oh, voc\u00ea n\u00e3o pode evitar isso&#8221; disse o Gato: &#8220;somos todos loucos aqui. Eu sou louco. Voc\u00ea \u00e9 louca.&#8221;<br>&#8220;Como sabe que eu sou louca?&#8221; perguntou Alice.<br>&#8220;Deve ser,&#8221; disse o gato, &#8220;ou voc\u00ea n\u00e3o teria vindo aqui.\u201d<\/p>\n\n\n\n<figure class=\"wp-block-image size-large\"><img loading=\"lazy\" decoding=\"async\" width=\"1024\" height=\"287\" src=\"http:\/\/mobygeekstudios.com\/pt\/wp-content\/uploads\/2022\/09\/DescriptionBanner02a-1024x287.png\" alt=\"\" class=\"wp-image-76\" srcset=\"http:\/\/mobygeekstudios.com\/pt\/wp-content\/uploads\/2022\/09\/DescriptionBanner02a-1024x287.png 1024w, http:\/\/mobygeekstudios.com\/pt\/wp-content\/uploads\/2022\/09\/DescriptionBanner02a-300x84.png 300w, http:\/\/mobygeekstudios.com\/pt\/wp-content\/uploads\/2022\/09\/DescriptionBanner02a-768x215.png 768w, http:\/\/mobygeekstudios.com\/pt\/wp-content\/uploads\/2022\/09\/DescriptionBanner02a.png 1200w\" sizes=\"(max-width: 1024px) 100vw, 1024px\" \/><\/figure>\n\n\n\n<p>Reviva as aventuras de Alice No Pa\u00eds das Maravilhas, com esse jogo de quebra-cabe\u00e7a ricamente ilustrado.<\/p>\n\n\n\n<ul><li>Oito quebra-cabe\u00e7as com n\u00edveis de dificuldade de f\u00e1cil a n\u00e3o-t\u00e3o-f\u00e1cil-assim. Todos em um lindo livro ilustrado.<\/li><li>Para cada n\u00edvel completado, voc\u00ea ganha um novo card para a sua cole\u00e7\u00e3o. Voc\u00ea pode ver os seus cards na segunda p\u00e1gina do livro. Voc\u00ea pode aproxim\u00e1-los e observ\u00e1-los em detalhes.<\/li><li>H\u00e1 tamb\u00e9m trof\u00e9us sobre a mesa, fora do livro. Voc\u00ea ganha esses trof\u00e9us conforme vai completando os quebra-cabe\u00e7as.<\/li><\/ul>\n\n\n\n<figure class=\"wp-block-image size-large\"><img loading=\"lazy\" decoding=\"async\" width=\"1024\" height=\"512\" src=\"http:\/\/mobygeekstudios.com\/pt\/wp-content\/uploads\/2022\/09\/DescriptionBanner03a-1024x512.png\" alt=\"\" class=\"wp-image-77\" srcset=\"http:\/\/mobygeekstudios.com\/pt\/wp-content\/uploads\/2022\/09\/DescriptionBanner03a-1024x512.png 1024w, http:\/\/mobygeekstudios.com\/pt\/wp-content\/uploads\/2022\/09\/DescriptionBanner03a-300x150.png 300w, http:\/\/mobygeekstudios.com\/pt\/wp-content\/uploads\/2022\/09\/DescriptionBanner03a-768x384.png 768w, http:\/\/mobygeekstudios.com\/pt\/wp-content\/uploads\/2022\/09\/DescriptionBanner03a-720x360.png 720w, http:\/\/mobygeekstudios.com\/pt\/wp-content\/uploads\/2022\/09\/DescriptionBanner03a-840x420.png 840w, http:\/\/mobygeekstudios.com\/pt\/wp-content\/uploads\/2022\/09\/DescriptionBanner03a.png 1200w\" sizes=\"(max-width: 1024px) 100vw, 1024px\" \/><\/figure>\n\n\n\n<p>Use o mouse para arrastar as pe\u00e7as do quebra-cabe\u00e7a para a posi\u00e7\u00e3o correta. Quando completar, passe para a pr\u00f3xima p\u00e1gina do livro e continue.<\/p>\n\n\n\n<p>\u00c9 um jogo de curta dura\u00e7\u00e3o. Voc\u00ea pode completar todos os quebra-cabe\u00e7as em uma hora ou talvez um pouco menos.<\/p>\n\n\n\n<p>As Ilustra\u00e7\u00f5es do livro aparecem em preto e branco e tornam-se coloridas \u00e0 medida que voc\u00ea vai completando cada quebra-cabe\u00e7a.<\/p>\n\n\n\n<p>N\u00e3o conseguiu completar um quebra-cabe\u00e7a a tempo? Em Ajustes, voc\u00ea pode desligar o temporizador.<\/p>\n\n\n\n<p><\/p>\n\n\n\n<p class=\"has-text-align-center\">Dispon\u00edvel na Steam:<br>\n<iframe loading=\"lazy\" src=\"https:\/\/store.steampowered.com\/widget\/2070190\/\" frameborder=\"0\" width=\"646\" height=\"190\"><\/iframe>\n<\/p>\n\n\n\n<p><\/p>\n\n\n\n<figure class=\"wp-block-image size-large\"><img loading=\"lazy\" decoding=\"async\" width=\"1024\" height=\"324\" src=\"http:\/\/mobygeekstudios.com\/pt\/wp-content\/uploads\/2022\/09\/DescriptionBanner05a-1024x324.png\" alt=\"\" class=\"wp-image-78\" srcset=\"http:\/\/mobygeekstudios.com\/pt\/wp-content\/uploads\/2022\/09\/DescriptionBanner05a-1024x324.png 1024w, http:\/\/mobygeekstudios.com\/pt\/wp-content\/uploads\/2022\/09\/DescriptionBanner05a-300x95.png 300w, http:\/\/mobygeekstudios.com\/pt\/wp-content\/uploads\/2022\/09\/DescriptionBanner05a-768x243.png 768w, http:\/\/mobygeekstudios.com\/pt\/wp-content\/uploads\/2022\/09\/DescriptionBanner05a.png 1200w\" sizes=\"(max-width: 1024px) 100vw, 1024px\" \/><\/figure>\n","protected":false},"excerpt":{"rendered":"<p>\u201cMas eu n\u00e3o quero me encontrar com gente louca,&#8221; observou Alice.&#8220;Oh, voc\u00ea n\u00e3o pode evitar isso&#8221; disse o Gato: &#8220;somos todos loucos aqui. Eu sou louco. Voc\u00ea \u00e9 louca.&#8221;&#8220;Como sabe que eu sou louca?&#8221; perguntou Alice.&#8220;Deve ser,&#8221; disse o gato, &#8220;ou voc\u00ea n\u00e3o teria vindo aqui.\u201d Reviva as aventuras de Alice No Pa\u00eds das Maravilhas, [&hellip;]<\/p>\n","protected":false},"author":1,"featured_media":0,"parent":0,"menu_order":0,"comment_status":"closed","ping_status":"open","template":"","meta":{"footnotes":""},"_links":{"self":[{"href":"http:\/\/mobygeekstudios.com\/pt\/index.php\/wp-json\/wp\/v2\/pages\/2"}],"collection":[{"href":"http:\/\/mobygeekstudios.com\/pt\/index.php\/wp-json\/wp\/v2\/pages"}],"about":[{"href":"http:\/\/mobygeekstudios.com\/pt\/index.php\/wp-json\/wp\/v2\/types\/page"}],"author":[{"embeddable":true,"href":"http:\/\/mobygeekstudios.com\/pt\/index.php\/wp-json\/wp\/v2\/users\/1"}],"replies":[{"embeddable":true,"href":"http:\/\/mobygeekstudios.com\/pt\/index.php\/wp-json\/wp\/v2\/comments?post=2"}],"version-history":[{"count":8,"href":"http:\/\/mobygeekstudios.com\/pt\/index.php\/wp-json\/wp\/v2\/pages\/2\/revisions"}],"predecessor-version":[{"id":111,"href":"http:\/\/mobygeekstudios.com\/pt\/index.php\/wp-json\/wp\/v2\/pages\/2\/revisions\/111"}],"wp:attachment":[{"href":"http:\/\/mobygeekstudios.com\/pt\/index.php\/wp-json\/wp\/v2\/media?parent=2"}],"curies":[{"name":"wp","href":"https:\/\/api.w.org\/{rel}","templated":true}]}}